{"id":473,"date":"2020-05-06T10:57:54","date_gmt":"2020-05-06T10:57:54","guid":{"rendered":"https:\/\/www.deni.si\/?page_id=473"},"modified":"2021-11-02T12:23:06","modified_gmt":"2021-11-02T12:23:06","slug":"terapevtske-pravljice","status":"publish","type":"page","link":"https:\/\/www.deni.si\/en\/terapevtske-pravljice\/","title":{"rendered":"Pedagogical stories"},"content":{"rendered":"<div id=\"pl-473\"  class=\"panel-layout\" ><div id=\"pg-473-0\"  class=\"panel-grid panel-no-style\" ><div id=\"pgc-473-0-0\"  class=\"panel-grid-cell\" ><div id=\"panel-473-0-0-0\" class=\"so-panel widget widget_sow-editor panel-first-child panel-last-child\" data-index=\"0\" ><div\n\t\t\t\n\t\t\tclass=\"so-widget-sow-editor so-widget-sow-editor-base\"\n\t\t\t\n\t\t>\n<div class=\"siteorigin-widget-tinymce textwidget\">\n\t<p style=\"text-align: center;\"><strong>They give us insight into a child\u2019s psychological wellbeing and perception of life.<br \/>\n<\/strong><strong>They approach the child\u2019s anxieties with care and offer concrete solutions.<br \/>\n<\/strong><strong>They help the child to identify and distinguish feelings and emotions.<\/strong><\/p>\n<\/div>\n<\/div><\/div><\/div><\/div><div id=\"pg-473-1\"  class=\"panel-grid panel-no-style\" ><div id=\"pgc-473-1-0\"  class=\"panel-grid-cell\" ><div id=\"panel-473-1-0-0\" class=\"so-panel widget widget_sow-editor panel-first-child panel-last-child\" data-index=\"1\" ><div\n\t\t\t\n\t\t\tclass=\"so-widget-sow-editor so-widget-sow-editor-base\"\n\t\t\t\n\t\t>\n<div class=\"siteorigin-widget-tinymce textwidget\">\n\t<p style=\"text-align: justify;\">A well-devised story does not turn a blind eye to real-life situations. Sometimes we do not know how to present changes and challenges to our children. Pedagogical stories empower children and let them know that they can overcome any challenge, that their problems are not unique and that they are not alone in confronting them. Both us and our children can take refuge in a story, fully aware that a happy ending awaits and that a problem is always accompanied by a solution.<\/p>\n<p style=\"text-align: justify;\">My aim is to write stories of just the right length, so that children can follow despite the difficult topics they cover. Moreover, children are not the only beneficiaries, the stories also have a healing effect on the person reading them. Let go and jump from the edge of everyday life and dive into new dimensions. Let the words carry you into a world of fantasy where we are all heroes and anything is possible.<\/p>\n<p style=\"text-align: justify;\">It happens too often that our fast-paced lifestyle prevents us from noticing certain anxieties our children might be going through. Reading stories together helps you identify these anxieties. When did their eyes sparkle? When did they lose concentration? Observe your children\u2019s needs. Perhaps you will even discover certain strengths or shortcomings of your own.<\/p>\n<p>&nbsp;<\/p>\n<\/div>\n<\/div><\/div><\/div><div id=\"pgc-473-1-1\"  class=\"panel-grid-cell\" ><div id=\"panel-473-1-1-0\" class=\"so-panel widget widget_sow-editor panel-first-child panel-last-child\" data-index=\"2\" ><div\n\t\t\t\n\t\t\tclass=\"so-widget-sow-editor so-widget-sow-editor-base\"\n\t\t\t\n\t\t>\n<div class=\"siteorigin-widget-tinymce textwidget\">\n\t<p style=\"text-align: justify;\">The book contains a CD with audio recordings of the stories. In order to hold the child\u2019s full attention, no additional sounds have been recorded. Children will feel as if the stories are being red by their parents. Look at the smile that appears during the opening lines of each story. Do you notice a transition into the world of fantasy?<\/p>\n<p style=\"text-align: justify;\">You can\u00a0<strong><a href=\"https:\/\/www.deni.si\/en\/pobarvanke\/\">save and print the colouring materials<\/a><\/strong> based on the book\u2019s illustrations for free. These help children process the stories privately and search for solutions and deeper meanings in their own way. The colouring pages purposefully include empty spaces where children can draw their own creations inspired by their imagination. Encourage creativity. What else did your child draw? And why?<\/p>\n<\/div>\n<\/div><\/div><\/div><\/div><\/div>","protected":false},"excerpt":{"rendered":"<p>They give us insight into a child\u2019s psychological wellbeing and perception of life. They approach the child\u2019s anxieties with care and offer concrete solutions. They help the child to identify and distinguish feelings and emotions. A well-devised story does not turn a blind eye to real-life situations. Sometimes we do not know how to present&hellip;<\/p>\n","protected":false},"author":1,"featured_media":0,"parent":0,"menu_order":0,"comment_status":"closed","ping_status":"closed","template":"","meta":{"_acf_changed":false,"_themeisle_gutenberg_block_has_review":false,"footnotes":"","_wp_rev_ctl_limit":""},"class_list":["post-473","page","type-page","status-publish","hentry","post"],"acf":[],"yoast_head":"<!-- This site is optimized with the Yoast SEO plugin v27.3 - https:\/\/yoast.com\/product\/yoast-seo-wordpress\/ -->\n<title>Pedagogical stories<\/title>\n<meta name=\"description\" content=\"Omogo\u010dajo nam uvid v otrokovo po\u010dutje in dojemanje. Njegove stiske obravnavajo resno in ponujajo konkretne re\u0161itve. Otroku pomagajo poimenovati in (raz)lo\u010diti ob\u010dutke in \u010dustva.\u00a0\" \/>\n<meta name=\"robots\" content=\"index, follow, max-snippet:-1, max-image-preview:large, max-video-preview:-1\" \/>\n<link rel=\"canonical\" href=\"https:\/\/www.deni.si\/en\/terapevtske-pravljice\/\" \/>\n<meta name=\"twitter:label1\" content=\"Est. reading time\" \/>\n\t<meta name=\"twitter:data1\" content=\"2 minutes\" \/>\n<script type=\"application\/ld+json\" class=\"yoast-schema-graph\">{\"@context\":\"https:\\\/\\\/schema.org\",\"@graph\":[{\"@type\":\"WebPage\",\"@id\":\"https:\\\/\\\/www.deni.si\\\/terapevtske-pravljice\\\/\",\"url\":\"https:\\\/\\\/www.deni.si\\\/terapevtske-pravljice\\\/\",\"name\":\"Pedagogical stories\",\"isPartOf\":{\"@id\":\"https:\\\/\\\/www.deni.si\\\/#website\"},\"datePublished\":\"2020-05-06T10:57:54+00:00\",\"dateModified\":\"2021-11-02T12:23:06+00:00\",\"description\":\"Omogo\u010dajo nam uvid v otrokovo po\u010dutje in dojemanje. Njegove stiske obravnavajo resno in ponujajo konkretne re\u0161itve. Otroku pomagajo poimenovati in (raz)lo\u010diti ob\u010dutke in \u010dustva.\u00a0\",\"inLanguage\":\"en-US\",\"potentialAction\":[{\"@type\":\"ReadAction\",\"target\":[\"https:\\\/\\\/www.deni.si\\\/terapevtske-pravljice\\\/\"]}]},{\"@type\":\"WebSite\",\"@id\":\"https:\\\/\\\/www.deni.si\\\/#website\",\"url\":\"https:\\\/\\\/www.deni.si\\\/\",\"name\":\"Pedagogical stories\",\"description\":\"\",\"publisher\":{\"@id\":\"https:\\\/\\\/www.deni.si\\\/#organization\"},\"potentialAction\":[{\"@type\":\"SearchAction\",\"target\":{\"@type\":\"EntryPoint\",\"urlTemplate\":\"https:\\\/\\\/www.deni.si\\\/?s={search_term_string}\"},\"query-input\":{\"@type\":\"PropertyValueSpecification\",\"valueRequired\":true,\"valueName\":\"search_term_string\"}}],\"inLanguage\":\"en-US\"},{\"@type\":\"Organization\",\"@id\":\"https:\\\/\\\/www.deni.si\\\/#organization\",\"name\":\"Terapevtske pravljice\",\"url\":\"https:\\\/\\\/www.deni.si\\\/\",\"logo\":{\"@type\":\"ImageObject\",\"inLanguage\":\"en-US\",\"@id\":\"https:\\\/\\\/www.deni.si\\\/#\\\/schema\\\/logo\\\/image\\\/\",\"url\":\"https:\\\/\\\/www.deni.si\\\/wp-content\\\/uploads\\\/2020\\\/04\\\/cropped-terapevtske-pravljice-logo-512.jpg\",\"contentUrl\":\"https:\\\/\\\/www.deni.si\\\/wp-content\\\/uploads\\\/2020\\\/04\\\/cropped-terapevtske-pravljice-logo-512.jpg\",\"width\":512,\"height\":512,\"caption\":\"Terapevtske pravljice\"},\"image\":{\"@id\":\"https:\\\/\\\/www.deni.si\\\/#\\\/schema\\\/logo\\\/image\\\/\"}}]}<\/script>\n<!-- \/ Yoast SEO plugin. -->","yoast_head_json":{"title":"Pedagogical stories","description":"Omogo\u010dajo nam uvid v otrokovo po\u010dutje in dojemanje. Njegove stiske obravnavajo resno in ponujajo konkretne re\u0161itve. Otroku pomagajo poimenovati in (raz)lo\u010diti ob\u010dutke in \u010dustva.\u00a0","robots":{"index":"index","follow":"follow","max-snippet":"max-snippet:-1","max-image-preview":"max-image-preview:large","max-video-preview":"max-video-preview:-1"},"canonical":"https:\/\/www.deni.si\/en\/terapevtske-pravljice\/","twitter_misc":{"Est. reading time":"2 minutes"},"schema":{"@context":"https:\/\/schema.org","@graph":[{"@type":"WebPage","@id":"https:\/\/www.deni.si\/terapevtske-pravljice\/","url":"https:\/\/www.deni.si\/terapevtske-pravljice\/","name":"Pedagogical stories","isPartOf":{"@id":"https:\/\/www.deni.si\/#website"},"datePublished":"2020-05-06T10:57:54+00:00","dateModified":"2021-11-02T12:23:06+00:00","description":"Omogo\u010dajo nam uvid v otrokovo po\u010dutje in dojemanje. Njegove stiske obravnavajo resno in ponujajo konkretne re\u0161itve. Otroku pomagajo poimenovati in (raz)lo\u010diti ob\u010dutke in \u010dustva.\u00a0","inLanguage":"en-US","potentialAction":[{"@type":"ReadAction","target":["https:\/\/www.deni.si\/terapevtske-pravljice\/"]}]},{"@type":"WebSite","@id":"https:\/\/www.deni.si\/#website","url":"https:\/\/www.deni.si\/","name":"Pedagogical stories","description":"","publisher":{"@id":"https:\/\/www.deni.si\/#organization"},"potentialAction":[{"@type":"SearchAction","target":{"@type":"EntryPoint","urlTemplate":"https:\/\/www.deni.si\/?s={search_term_string}"},"query-input":{"@type":"PropertyValueSpecification","valueRequired":true,"valueName":"search_term_string"}}],"inLanguage":"en-US"},{"@type":"Organization","@id":"https:\/\/www.deni.si\/#organization","name":"Terapevtske pravljice","url":"https:\/\/www.deni.si\/","logo":{"@type":"ImageObject","inLanguage":"en-US","@id":"https:\/\/www.deni.si\/#\/schema\/logo\/image\/","url":"https:\/\/www.deni.si\/wp-content\/uploads\/2020\/04\/cropped-terapevtske-pravljice-logo-512.jpg","contentUrl":"https:\/\/www.deni.si\/wp-content\/uploads\/2020\/04\/cropped-terapevtske-pravljice-logo-512.jpg","width":512,"height":512,"caption":"Terapevtske pravljice"},"image":{"@id":"https:\/\/www.deni.si\/#\/schema\/logo\/image\/"}}]}},"_links":{"self":[{"href":"https:\/\/www.deni.si\/en\/wp-json\/wp\/v2\/pages\/473","targetHints":{"allow":["GET"]}}],"collection":[{"href":"https:\/\/www.deni.si\/en\/wp-json\/wp\/v2\/pages"}],"about":[{"href":"https:\/\/www.deni.si\/en\/wp-json\/wp\/v2\/types\/page"}],"author":[{"embeddable":true,"href":"https:\/\/www.deni.si\/en\/wp-json\/wp\/v2\/users\/1"}],"replies":[{"embeddable":true,"href":"https:\/\/www.deni.si\/en\/wp-json\/wp\/v2\/comments?post=473"}],"version-history":[{"count":10,"href":"https:\/\/www.deni.si\/en\/wp-json\/wp\/v2\/pages\/473\/revisions"}],"predecessor-version":[{"id":2215,"href":"https:\/\/www.deni.si\/en\/wp-json\/wp\/v2\/pages\/473\/revisions\/2215"}],"wp:attachment":[{"href":"https:\/\/www.deni.si\/en\/wp-json\/wp\/v2\/media?parent=473"}],"curies":[{"name":"wp","href":"https:\/\/api.w.org\/{rel}","templated":true}]}}