{"id":242,"date":"2020-04-14T10:39:26","date_gmt":"2020-04-14T10:39:26","guid":{"rendered":"https:\/\/www.deni.si\/?page_id=242"},"modified":"2021-11-02T12:05:10","modified_gmt":"2021-11-02T12:05:10","slug":"deni-kragelj","status":"publish","type":"page","link":"https:\/\/www.deni.si\/en\/deni-kragelj\/","title":{"rendered":"About author"},"content":{"rendered":"<div id=\"pl-242\"  class=\"panel-layout\" ><div id=\"pg-242-0\"  class=\"panel-grid panel-no-style\" ><div id=\"pgc-242-0-0\"  class=\"panel-grid-cell\" ><div id=\"panel-242-0-0-0\" class=\"so-panel widget widget_sow-image panel-first-child panel-last-child\" data-index=\"0\" ><div class=\"okroglo panel-widget-style panel-widget-style-for-242-0-0-0\" ><div\n\t\t\t\n\t\t\tclass=\"so-widget-sow-image so-widget-sow-image-default-c67d20f9f743-242\"\n\t\t\t\n\t\t>\n<div class=\"sow-image-container\">\n\t\t<img \n\tsrc=\"https:\/\/www.deni.si\/wp-content\/uploads\/2020\/04\/deni-kragelj-300x300.jpg\" width=\"300\" height=\"300\" srcset=\"https:\/\/www.deni.si\/wp-content\/uploads\/2020\/04\/deni-kragelj-300x300.jpg 300w, https:\/\/www.deni.si\/wp-content\/uploads\/2020\/04\/deni-kragelj-150x150.jpg 150w, https:\/\/www.deni.si\/wp-content\/uploads\/2020\/04\/deni-kragelj-600x600.jpg 600w, https:\/\/www.deni.si\/wp-content\/uploads\/2020\/04\/deni-kragelj.jpg 720w\" sizes=\"(max-width: 300px) 100vw, 300px\" alt=\"\" \t\tclass=\"so-widget-image\"\/>\n\t<\/div>\n\n<\/div><\/div><\/div><\/div><div id=\"pgc-242-0-1\"  class=\"panel-grid-cell\" ><div id=\"panel-242-0-1-0\" class=\"so-panel widget widget_sow-headline panel-first-child\" data-index=\"1\" ><div\n\t\t\t\n\t\t\tclass=\"so-widget-sow-headline so-widget-sow-headline-default-d6e8ca2593cb-242\"\n\t\t\t\n\t\t><div class=\"sow-headline-container \">\n\t<\/div>\n<\/div><\/div><div id=\"panel-242-0-1-1\" class=\"so-panel widget widget_sow-editor\" data-index=\"2\" ><div\n\t\t\t\n\t\t\tclass=\"so-widget-sow-editor so-widget-sow-editor-base\"\n\t\t\t\n\t\t>\n<div class=\"siteorigin-widget-tinymce textwidget\">\n\t<p><strong>Deni Kragelj<\/strong> holds a degree in social pedagogy, which is a holistic approach concerned with the wellbeing, education and personal growth of individuals. This course is known for its many practical assignments and projects. During her career, the author has gained in-depth knowledge on working with the homeless, psychiatric patients, drug addicts and children with autism. She has carried out projects at the Institute for the Deaf and Hard of Hearing of Ljubljana, the Institute for Blind and Partially Sighted Children Ljubljana, the Mal\u010di Beli\u010d Youth Care Centre and the Special Education Centre Janez Levec Ljubljana. She successfully completed one-month internships at the Smlednik Educational Community, Rade\u010de Correctional Institution and the Youth Centre Jar\u0161e. Deni headed a two-year experiential-pedagogical project for 8 children from socially disadvantaged families. After graduating, she got a job as an educator at the Training, Education and Care Centre Dolfka Bo\u0161tjan\u010di\u010d, Draga (CUDV Draga), where she met with a whole range of problems and special needs of children. She sought different ways and approaches to improve the lives of children with disabilities. She identified the healing benefit of stories which convey a sense of closeness.<\/p>\n<p>Working with children, predominantly with those experiencing behavioural problems, has always been Deni\u2019s passion. She strives to build trustful relationships with youngsters and help them overcome their fears. As a mom, educator, and animator, she creates materials which help parents approach the task of improving their children\u2019s everyday life. Her experience as animator and long-time event coordinator in Slovenia has greatly aided her in entering the imaginative world of stories. Her goal is to understand children\u2019s minds, enter their heads, and plant seeds of imagination. This led her to collaborate with parents and experts to create stories that cover a range of the most topical subjects.<\/p>\n<p>Deni spends her evenings teaching salsa, aerobics, Zumba and Pilates. She is a perfectionist who sets high standards. To relax, Deni enjoys playing the guitar, walking, writing, tidying and creating. Above all, the moments when her son and daughter help her create new stories are priceless. She often surprises people with her views which are based on out-of-the-box thinking and pushing her own limits. She is courageous, determined, persistent, honest and compassionate.<\/p>\n<p>And that\u2019s exactly what her stories are like.<\/p>\n<\/div>\n<\/div><\/div><div id=\"panel-242-0-1-2\" class=\"so-panel widget widget_sow-button panel-last-child\" data-index=\"3\" ><div\n\t\t\t\n\t\t\tclass=\"so-widget-sow-button so-widget-sow-button-flat-ec466cb7453d-242\"\n\t\t\t\n\t\t><div class=\"ow-button-base ow-button-align-left\"\n>\n\t\t\t<a\n\t\t\t\t\thref=\"https:\/\/sl.wikipedia.org\/wiki\/Deni_Kragelj\"\n\t\t\t\t\tclass=\"sowb-button ow-icon-placement-left ow-button-hover\" target=\"_blank\" rel=\"noopener noreferrer\" title=\"wikipedia.org\" \t>\n\t\t<span>\n\t\t\t<span class=\"sow-icon-icomoon\" data-sow-icon=\"&#xeac8;\"\n\t\tstyle=\"color: #ffffff\" \n\t\taria-hidden=\"true\"><\/span>\n\t\t\twikipedia.org\t\t<\/span>\n\t\t\t<\/a>\n\t<\/div>\n<\/div><\/div><\/div><\/div><\/div>","protected":false},"excerpt":{"rendered":"<p>Deni Kragelj holds a degree in social pedagogy, which is a holistic approach concerned with the wellbeing, education and personal growth of individuals. This course is known for its many practical assignments and projects. During her career, the author has gained in-depth knowledge on working with the homeless, psychiatric patients, drug addicts and children with&hellip;<\/p>\n","protected":false},"author":1,"featured_media":0,"parent":0,"menu_order":0,"comment_status":"closed","ping_status":"closed","template":"","meta":{"_acf_changed":false,"_themeisle_gutenberg_block_has_review":false,"footnotes":"","_wp_rev_ctl_limit":""},"class_list":["post-242","page","type-page","status-publish","hentry","post"],"acf":[],"yoast_head":"<!-- This site is optimized with the Yoast SEO plugin v27.3 - https:\/\/yoast.com\/product\/yoast-seo-wordpress\/ -->\n<title>About author<\/title>\n<meta name=\"description\" content=\"Deni Kragelj\u00a0je diplomirala iz socialne pedagogike, ki celostno pristopa k posamezniku in je usmerjena k re\u0161itvam. Ta \u0161tudij je znan po \u0161tevilnih prakti\u010dnih nalogah in projektih. Na svoji poti je od blizu spoznala delo z brezdomci, psihiatri\u010dnimi bolniki, odvisniki in\u00a0otroki z\u00a0avtizmom.\" \/>\n<meta name=\"robots\" content=\"index, follow, max-snippet:-1, max-image-preview:large, max-video-preview:-1\" \/>\n<link rel=\"canonical\" href=\"https:\/\/www.deni.si\/en\/deni-kragelj\/\" \/>\n<meta name=\"twitter:label1\" content=\"Est. reading time\" \/>\n\t<meta name=\"twitter:data1\" content=\"2 minutes\" \/>\n<script type=\"application\/ld+json\" class=\"yoast-schema-graph\">{\"@context\":\"https:\\\/\\\/schema.org\",\"@graph\":[{\"@type\":[\"WebPage\",\"AboutPage\"],\"@id\":\"https:\\\/\\\/www.deni.si\\\/deni-kragelj\\\/\",\"url\":\"https:\\\/\\\/www.deni.si\\\/deni-kragelj\\\/\",\"name\":\"About author\",\"isPartOf\":{\"@id\":\"https:\\\/\\\/www.deni.si\\\/#website\"},\"datePublished\":\"2020-04-14T10:39:26+00:00\",\"dateModified\":\"2021-11-02T12:05:10+00:00\",\"description\":\"Deni Kragelj\u00a0je diplomirala iz socialne pedagogike, ki celostno pristopa k posamezniku in je usmerjena k re\u0161itvam. Ta \u0161tudij je znan po \u0161tevilnih prakti\u010dnih nalogah in projektih. Na svoji poti je od blizu spoznala delo z brezdomci, psihiatri\u010dnimi bolniki, odvisniki in\u00a0otroki z\u00a0avtizmom.\",\"inLanguage\":\"en-US\",\"potentialAction\":[{\"@type\":\"ReadAction\",\"target\":[\"https:\\\/\\\/www.deni.si\\\/deni-kragelj\\\/\"]}]},{\"@type\":\"WebSite\",\"@id\":\"https:\\\/\\\/www.deni.si\\\/#website\",\"url\":\"https:\\\/\\\/www.deni.si\\\/\",\"name\":\"Pedagogical stories\",\"description\":\"\",\"publisher\":{\"@id\":\"https:\\\/\\\/www.deni.si\\\/#organization\"},\"potentialAction\":[{\"@type\":\"SearchAction\",\"target\":{\"@type\":\"EntryPoint\",\"urlTemplate\":\"https:\\\/\\\/www.deni.si\\\/?s={search_term_string}\"},\"query-input\":{\"@type\":\"PropertyValueSpecification\",\"valueRequired\":true,\"valueName\":\"search_term_string\"}}],\"inLanguage\":\"en-US\"},{\"@type\":\"Organization\",\"@id\":\"https:\\\/\\\/www.deni.si\\\/#organization\",\"name\":\"Terapevtske pravljice\",\"url\":\"https:\\\/\\\/www.deni.si\\\/\",\"logo\":{\"@type\":\"ImageObject\",\"inLanguage\":\"en-US\",\"@id\":\"https:\\\/\\\/www.deni.si\\\/#\\\/schema\\\/logo\\\/image\\\/\",\"url\":\"https:\\\/\\\/www.deni.si\\\/wp-content\\\/uploads\\\/2020\\\/04\\\/cropped-terapevtske-pravljice-logo-512.jpg\",\"contentUrl\":\"https:\\\/\\\/www.deni.si\\\/wp-content\\\/uploads\\\/2020\\\/04\\\/cropped-terapevtske-pravljice-logo-512.jpg\",\"width\":512,\"height\":512,\"caption\":\"Terapevtske pravljice\"},\"image\":{\"@id\":\"https:\\\/\\\/www.deni.si\\\/#\\\/schema\\\/logo\\\/image\\\/\"}}]}<\/script>\n<!-- \/ Yoast SEO plugin. -->","yoast_head_json":{"title":"About author","description":"Deni Kragelj\u00a0je diplomirala iz socialne pedagogike, ki celostno pristopa k posamezniku in je usmerjena k re\u0161itvam. Ta \u0161tudij je znan po \u0161tevilnih prakti\u010dnih nalogah in projektih. Na svoji poti je od blizu spoznala delo z brezdomci, psihiatri\u010dnimi bolniki, odvisniki in\u00a0otroki z\u00a0avtizmom.","robots":{"index":"index","follow":"follow","max-snippet":"max-snippet:-1","max-image-preview":"max-image-preview:large","max-video-preview":"max-video-preview:-1"},"canonical":"https:\/\/www.deni.si\/en\/deni-kragelj\/","twitter_misc":{"Est. reading time":"2 minutes"},"schema":{"@context":"https:\/\/schema.org","@graph":[{"@type":["WebPage","AboutPage"],"@id":"https:\/\/www.deni.si\/deni-kragelj\/","url":"https:\/\/www.deni.si\/deni-kragelj\/","name":"About author","isPartOf":{"@id":"https:\/\/www.deni.si\/#website"},"datePublished":"2020-04-14T10:39:26+00:00","dateModified":"2021-11-02T12:05:10+00:00","description":"Deni Kragelj\u00a0je diplomirala iz socialne pedagogike, ki celostno pristopa k posamezniku in je usmerjena k re\u0161itvam. Ta \u0161tudij je znan po \u0161tevilnih prakti\u010dnih nalogah in projektih. Na svoji poti je od blizu spoznala delo z brezdomci, psihiatri\u010dnimi bolniki, odvisniki in\u00a0otroki z\u00a0avtizmom.","inLanguage":"en-US","potentialAction":[{"@type":"ReadAction","target":["https:\/\/www.deni.si\/deni-kragelj\/"]}]},{"@type":"WebSite","@id":"https:\/\/www.deni.si\/#website","url":"https:\/\/www.deni.si\/","name":"Pedagogical stories","description":"","publisher":{"@id":"https:\/\/www.deni.si\/#organization"},"potentialAction":[{"@type":"SearchAction","target":{"@type":"EntryPoint","urlTemplate":"https:\/\/www.deni.si\/?s={search_term_string}"},"query-input":{"@type":"PropertyValueSpecification","valueRequired":true,"valueName":"search_term_string"}}],"inLanguage":"en-US"},{"@type":"Organization","@id":"https:\/\/www.deni.si\/#organization","name":"Terapevtske pravljice","url":"https:\/\/www.deni.si\/","logo":{"@type":"ImageObject","inLanguage":"en-US","@id":"https:\/\/www.deni.si\/#\/schema\/logo\/image\/","url":"https:\/\/www.deni.si\/wp-content\/uploads\/2020\/04\/cropped-terapevtske-pravljice-logo-512.jpg","contentUrl":"https:\/\/www.deni.si\/wp-content\/uploads\/2020\/04\/cropped-terapevtske-pravljice-logo-512.jpg","width":512,"height":512,"caption":"Terapevtske pravljice"},"image":{"@id":"https:\/\/www.deni.si\/#\/schema\/logo\/image\/"}}]}},"_links":{"self":[{"href":"https:\/\/www.deni.si\/en\/wp-json\/wp\/v2\/pages\/242","targetHints":{"allow":["GET"]}}],"collection":[{"href":"https:\/\/www.deni.si\/en\/wp-json\/wp\/v2\/pages"}],"about":[{"href":"https:\/\/www.deni.si\/en\/wp-json\/wp\/v2\/types\/page"}],"author":[{"embeddable":true,"href":"https:\/\/www.deni.si\/en\/wp-json\/wp\/v2\/users\/1"}],"replies":[{"embeddable":true,"href":"https:\/\/www.deni.si\/en\/wp-json\/wp\/v2\/comments?post=242"}],"version-history":[{"count":10,"href":"https:\/\/www.deni.si\/en\/wp-json\/wp\/v2\/pages\/242\/revisions"}],"predecessor-version":[{"id":2176,"href":"https:\/\/www.deni.si\/en\/wp-json\/wp\/v2\/pages\/242\/revisions\/2176"}],"wp:attachment":[{"href":"https:\/\/www.deni.si\/en\/wp-json\/wp\/v2\/media?parent=242"}],"curies":[{"name":"wp","href":"https:\/\/api.w.org\/{rel}","templated":true}]}}