{"id":1854,"date":"2021-10-19T06:48:27","date_gmt":"2021-10-19T06:48:27","guid":{"rendered":"https:\/\/www.deni.si\/?page_id=1854"},"modified":"2021-11-02T11:05:23","modified_gmt":"2021-11-02T11:05:23","slug":"terapevtske-pravljice-hribi","status":"publish","type":"page","link":"https:\/\/www.deni.si\/en\/trgovina\/terapevtske-pravljice-hribi\/","title":{"rendered":"Pedagogical stories \u2013 Hribi"},"content":{"rendered":"<div id=\"pl-1854\"  class=\"panel-layout\" ><div id=\"pg-1854-0\"  class=\"panel-grid panel-no-style\" ><div id=\"pgc-1854-0-0\"  class=\"panel-grid-cell\" ><div id=\"panel-1854-0-0-0\" class=\"so-panel widget widget_sow-editor panel-first-child panel-last-child\" data-index=\"0\" ><div class=\"aligncenter panel-widget-style panel-widget-style-for-1854-0-0-0\" ><div\n\t\t\t\n\t\t\tclass=\"so-widget-sow-editor so-widget-sow-editor-base\"\n\t\t\t\n\t\t>\n<div class=\"siteorigin-widget-tinymce textwidget\">\n\t<div class=\"woocommerce columns-4 \"><ul class=\"products columns-4\">\n<li class=\"post product type-product post-1843 status-publish first instock product_cat-terapevtske-pravljice-hribi product_cat-terapevtske-pravljice has-post-thumbnail shipping-taxable purchasable product-type-simple\">\n\t\t<div class=\"loop-product-thumbnail\">\n\t\t<a href=\"https:\/\/www.deni.si\/en\/izdelek\/zivljenje-v-hribih-sl-book\/\" class=\"woocommerce-LoopProduct-link woocommerce-loop-product__link\">\t\t<img loading=\"lazy\" decoding=\"async\" width=\"300\" height=\"300\" src=\"https:\/\/www.deni.si\/wp-content\/uploads\/2021\/11\/SL-zivljenje-v-hribih-2-300x300.jpg\" class=\"attachment-woocommerce_thumbnail size-woocommerce_thumbnail\" alt=\"\u017divljenje v hribih\" srcset=\"https:\/\/www.deni.si\/wp-content\/uploads\/2021\/11\/SL-zivljenje-v-hribih-2-300x300.jpg 300w, https:\/\/www.deni.si\/wp-content\/uploads\/2021\/11\/SL-zivljenje-v-hribih-2-150x150.jpg 150w, https:\/\/www.deni.si\/wp-content\/uploads\/2021\/11\/SL-zivljenje-v-hribih-2-500x500.jpg 500w, https:\/\/www.deni.si\/wp-content\/uploads\/2021\/11\/SL-zivljenje-v-hribih-2.jpg 600w\" sizes=\"auto, (max-width: 300px) 100vw, 300px\" \/>\t\t<\/a>\t\t\t<\/div>\n<a href=\"https:\/\/www.deni.si\/en\/izdelek\/zivljenje-v-hribih-sl-book\/\" class=\"woocommerce-LoopProduct-link woocommerce-loop-product__link\"><h2 class=\"woocommerce-loop-product__title\">\u017divljenje v hribih<\/h2><\/a>\n\t<span class=\"price\"><span class=\"woocommerce-Price-amount amount\"><bdi>18,00&nbsp;<span class=\"woocommerce-Price-currencySymbol\">&euro;<\/span><\/bdi><\/span><\/span>\n<a href=\"\/en\/wp-json\/wp\/v2\/pages\/1854?add-to-cart=1843\" aria-describedby=\"woocommerce_loop_add_to_cart_link_describedby_1843\" data-quantity=\"1\" class=\"button product_type_simple add_to_cart_button ajax_add_to_cart\" data-product_id=\"1843\" data-product_sku=\"\" aria-label=\"Add to cart: &ldquo;\u017divljenje v hribih&rdquo;\" rel=\"nofollow\" data-success_message=\"&ldquo;\u017divljenje v hribih&rdquo; has been added to your cart\" role=\"button\">Add to cart<\/a>\t<span id=\"woocommerce_loop_add_to_cart_link_describedby_1843\" class=\"screen-reader-text\">\n\t\t\t<\/span>\n<\/li>\n<\/ul>\n<\/div>\n<\/div>\n<\/div><\/div><\/div><\/div><\/div><div id=\"pg-1854-1\"  class=\"panel-grid panel-no-style\" ><div id=\"pgc-1854-1-0\"  class=\"panel-grid-cell\" ><div id=\"panel-1854-1-0-0\" class=\"so-panel widget widget_sow-editor panel-first-child panel-last-child\" data-index=\"1\" ><div class=\"aligncenter panel-widget-style panel-widget-style-for-1854-1-0-0\" ><div\n\t\t\t\n\t\t\tclass=\"so-widget-sow-editor so-widget-sow-editor-base\"\n\t\t\t\n\t\t>\n<div class=\"siteorigin-widget-tinymce textwidget\">\n\t<div class=\"woocommerce columns-4 \"><ul class=\"products columns-4\">\n<li class=\"post product type-product post-1407 status-publish first instock product_cat-terapevtske-pravljice-gozd product_cat-terapevtske-pravljice-morje has-post-thumbnail shipping-taxable purchasable product-type-simple\">\n\t\t<div class=\"loop-product-thumbnail\">\n\t\t<a href=\"https:\/\/www.deni.si\/en\/izdelek\/darilna-embalaza\/\" class=\"woocommerce-LoopProduct-link woocommerce-loop-product__link\">\t\t<img loading=\"lazy\" decoding=\"async\" width=\"300\" height=\"300\" src=\"https:\/\/www.deni.si\/wp-content\/uploads\/2020\/11\/darilna-embalaza-tp-300x300.jpg\" class=\"attachment-woocommerce_thumbnail size-woocommerce_thumbnail\" alt=\"Gift packaging\" srcset=\"https:\/\/www.deni.si\/wp-content\/uploads\/2020\/11\/darilna-embalaza-tp-300x300.jpg 300w, https:\/\/www.deni.si\/wp-content\/uploads\/2020\/11\/darilna-embalaza-tp-150x150.jpg 150w, https:\/\/www.deni.si\/wp-content\/uploads\/2020\/11\/darilna-embalaza-tp-500x500.jpg 500w, https:\/\/www.deni.si\/wp-content\/uploads\/2020\/11\/darilna-embalaza-tp.jpg 600w\" sizes=\"auto, (max-width: 300px) 100vw, 300px\" \/>\t\t<\/a>\t\t\t<\/div>\n<a href=\"https:\/\/www.deni.si\/en\/izdelek\/darilna-embalaza\/\" class=\"woocommerce-LoopProduct-link woocommerce-loop-product__link\"><h2 class=\"woocommerce-loop-product__title\">Gift packaging<\/h2><\/a>\n\t<span class=\"price\"><span class=\"woocommerce-Price-amount amount\"><bdi>3,00&nbsp;<span class=\"woocommerce-Price-currencySymbol\">&euro;<\/span><\/bdi><\/span><\/span>\n<a href=\"\/en\/wp-json\/wp\/v2\/pages\/1854?add-to-cart=1407\" aria-describedby=\"woocommerce_loop_add_to_cart_link_describedby_1407\" data-quantity=\"1\" class=\"button product_type_simple add_to_cart_button ajax_add_to_cart\" data-product_id=\"1407\" data-product_sku=\"\" aria-label=\"Add to cart: &ldquo;Gift packaging&rdquo;\" rel=\"nofollow\" data-success_message=\"&ldquo;Gift packaging&rdquo; has been added to your cart\" role=\"button\">Add to cart<\/a>\t<span id=\"woocommerce_loop_add_to_cart_link_describedby_1407\" class=\"screen-reader-text\">\n\t\t\t<\/span>\n<\/li>\n<li class=\"post product type-product post-1572 status-publish instock product_cat-terapevtske-pravljice-gozd product_cat-terapevtske-pravljice-morje has-post-thumbnail shipping-taxable purchasable product-type-simple\">\n\t\t<div class=\"loop-product-thumbnail\">\n\t\t<a href=\"https:\/\/www.deni.si\/en\/izdelek\/individualizirane-pravljice\/\" class=\"woocommerce-LoopProduct-link woocommerce-loop-product__link\">\t\t<img loading=\"lazy\" decoding=\"async\" width=\"300\" height=\"300\" src=\"https:\/\/www.deni.si\/wp-content\/uploads\/2021\/04\/Deni-Kragelj-Individualizirane-pravljice-300x300.jpg\" class=\"attachment-woocommerce_thumbnail size-woocommerce_thumbnail\" alt=\"Personalised story\" srcset=\"https:\/\/www.deni.si\/wp-content\/uploads\/2021\/04\/Deni-Kragelj-Individualizirane-pravljice-300x300.jpg 300w, https:\/\/www.deni.si\/wp-content\/uploads\/2021\/04\/Deni-Kragelj-Individualizirane-pravljice-150x150.jpg 150w, https:\/\/www.deni.si\/wp-content\/uploads\/2021\/04\/Deni-Kragelj-Individualizirane-pravljice-500x500.jpg 500w, https:\/\/www.deni.si\/wp-content\/uploads\/2021\/04\/Deni-Kragelj-Individualizirane-pravljice.jpg 600w\" sizes=\"auto, (max-width: 300px) 100vw, 300px\" \/>\t\t<\/a>\t\t\t<\/div>\n<a href=\"https:\/\/www.deni.si\/en\/izdelek\/individualizirane-pravljice\/\" class=\"woocommerce-LoopProduct-link woocommerce-loop-product__link\"><h2 class=\"woocommerce-loop-product__title\">Personalised story<\/h2><\/a>\n\t<span class=\"price\"><span class=\"woocommerce-Price-amount amount\"><bdi>130,00&nbsp;<span class=\"woocommerce-Price-currencySymbol\">&euro;<\/span><\/bdi><\/span><\/span>\n<a href=\"\/en\/wp-json\/wp\/v2\/pages\/1854?add-to-cart=1572\" aria-describedby=\"woocommerce_loop_add_to_cart_link_describedby_1572\" data-quantity=\"1\" class=\"button product_type_simple add_to_cart_button ajax_add_to_cart\" data-product_id=\"1572\" data-product_sku=\"\" aria-label=\"Add to cart: &ldquo;Personalised story&rdquo;\" rel=\"nofollow\" data-success_message=\"&ldquo;Personalised story&rdquo; has been added to your cart\" role=\"button\">Add to cart<\/a>\t<span id=\"woocommerce_loop_add_to_cart_link_describedby_1572\" class=\"screen-reader-text\">\n\t\t\t<\/span>\n<\/li>\n<\/ul>\n<\/div>\n<\/div>\n<\/div><\/div><\/div><\/div><\/div><\/div>","protected":false},"excerpt":{"rendered":"<p>\u017divljenje v hribih 18,00&nbsp;&euro; Add to cart Gift packaging 3,00&nbsp;&euro; Add to cart Personalised story 130,00&nbsp;&euro; Add to cart<\/p>\n","protected":false},"author":1,"featured_media":0,"parent":1370,"menu_order":0,"comment_status":"closed","ping_status":"closed","template":"","meta":{"_acf_changed":false,"_themeisle_gutenberg_block_has_review":false,"footnotes":"","_wp_rev_ctl_limit":""},"class_list":["post-1854","page","type-page","status-publish","hentry","post"],"acf":[],"yoast_head":"<!-- This site is optimized with the Yoast SEO plugin v27.3 - https:\/\/yoast.com\/product\/yoast-seo-wordpress\/ -->\n<title>Pedagogical stories \u2013 Hribi<\/title>\n<meta name=\"description\" content=\"KUNI:va\u017eiti se, pripadnost, posebne potrebe | KRALJEVSKI OREL: izbir\u010dnost pri hrani, razdra\u017eljivost, biti u\u017ealjen, opravi\u010dilo | SMREKULJA: opravljati, iskanje pozornosti, dolg\u010das, sram, raziskovati ...\" \/>\n<meta name=\"robots\" content=\"index, follow, max-snippet:-1, max-image-preview:large, max-video-preview:-1\" \/>\n<link rel=\"canonical\" href=\"https:\/\/www.deni.si\/en\/trgovina\/terapevtske-pravljice-hribi\/\" \/>\n<script type=\"application\/ld+json\" class=\"yoast-schema-graph\">{\"@context\":\"https:\\\/\\\/schema.org\",\"@graph\":[{\"@type\":\"WebPage\",\"@id\":\"https:\\\/\\\/www.deni.si\\\/en\\\/trgovina\\\/terapevtske-pravljice-hribi\\\/\",\"url\":\"https:\\\/\\\/www.deni.si\\\/en\\\/trgovina\\\/terapevtske-pravljice-hribi\\\/\",\"name\":\"Pedagogical stories \u2013 Hribi\",\"isPartOf\":{\"@id\":\"https:\\\/\\\/www.deni.si\\\/#website\"},\"datePublished\":\"2021-10-19T06:48:27+00:00\",\"dateModified\":\"2021-11-02T11:05:23+00:00\",\"description\":\"KUNI:va\u017eiti se, pripadnost, posebne potrebe | KRALJEVSKI OREL: izbir\u010dnost pri hrani, razdra\u017eljivost, biti u\u017ealjen, opravi\u010dilo | SMREKULJA: opravljati, iskanje pozornosti, dolg\u010das, sram, raziskovati ...\",\"breadcrumb\":{\"@id\":\"https:\\\/\\\/www.deni.si\\\/en\\\/trgovina\\\/terapevtske-pravljice-hribi\\\/#breadcrumb\"},\"inLanguage\":\"en-US\",\"potentialAction\":[{\"@type\":\"ReadAction\",\"target\":[\"https:\\\/\\\/www.deni.si\\\/en\\\/trgovina\\\/terapevtske-pravljice-hribi\\\/\"]}]},{\"@type\":\"BreadcrumbList\",\"@id\":\"https:\\\/\\\/www.deni.si\\\/en\\\/trgovina\\\/terapevtske-pravljice-hribi\\\/#breadcrumb\",\"itemListElement\":[{\"@type\":\"ListItem\",\"position\":1,\"name\":\"Shop\",\"item\":\"https:\\\/\\\/www.deni.si\\\/en\\\/trgovina\\\/\"},{\"@type\":\"ListItem\",\"position\":2,\"name\":\"Terapevtske pravljice &#8211; Hribi\"}]},{\"@type\":\"WebSite\",\"@id\":\"https:\\\/\\\/www.deni.si\\\/#website\",\"url\":\"https:\\\/\\\/www.deni.si\\\/\",\"name\":\"Pedagogical stories\",\"description\":\"\",\"publisher\":{\"@id\":\"https:\\\/\\\/www.deni.si\\\/#organization\"},\"potentialAction\":[{\"@type\":\"SearchAction\",\"target\":{\"@type\":\"EntryPoint\",\"urlTemplate\":\"https:\\\/\\\/www.deni.si\\\/?s={search_term_string}\"},\"query-input\":{\"@type\":\"PropertyValueSpecification\",\"valueRequired\":true,\"valueName\":\"search_term_string\"}}],\"inLanguage\":\"en-US\"},{\"@type\":\"Organization\",\"@id\":\"https:\\\/\\\/www.deni.si\\\/#organization\",\"name\":\"Terapevtske pravljice\",\"url\":\"https:\\\/\\\/www.deni.si\\\/\",\"logo\":{\"@type\":\"ImageObject\",\"inLanguage\":\"en-US\",\"@id\":\"https:\\\/\\\/www.deni.si\\\/#\\\/schema\\\/logo\\\/image\\\/\",\"url\":\"https:\\\/\\\/www.deni.si\\\/wp-content\\\/uploads\\\/2020\\\/04\\\/cropped-terapevtske-pravljice-logo-512.jpg\",\"contentUrl\":\"https:\\\/\\\/www.deni.si\\\/wp-content\\\/uploads\\\/2020\\\/04\\\/cropped-terapevtske-pravljice-logo-512.jpg\",\"width\":512,\"height\":512,\"caption\":\"Terapevtske pravljice\"},\"image\":{\"@id\":\"https:\\\/\\\/www.deni.si\\\/#\\\/schema\\\/logo\\\/image\\\/\"}}]}<\/script>\n<!-- \/ Yoast SEO plugin. -->","yoast_head_json":{"title":"Pedagogical stories \u2013 Hribi","description":"KUNI:va\u017eiti se, pripadnost, posebne potrebe | KRALJEVSKI OREL: izbir\u010dnost pri hrani, razdra\u017eljivost, biti u\u017ealjen, opravi\u010dilo | SMREKULJA: opravljati, iskanje pozornosti, dolg\u010das, sram, raziskovati ...","robots":{"index":"index","follow":"follow","max-snippet":"max-snippet:-1","max-image-preview":"max-image-preview:large","max-video-preview":"max-video-preview:-1"},"canonical":"https:\/\/www.deni.si\/en\/trgovina\/terapevtske-pravljice-hribi\/","schema":{"@context":"https:\/\/schema.org","@graph":[{"@type":"WebPage","@id":"https:\/\/www.deni.si\/en\/trgovina\/terapevtske-pravljice-hribi\/","url":"https:\/\/www.deni.si\/en\/trgovina\/terapevtske-pravljice-hribi\/","name":"Pedagogical stories \u2013 Hribi","isPartOf":{"@id":"https:\/\/www.deni.si\/#website"},"datePublished":"2021-10-19T06:48:27+00:00","dateModified":"2021-11-02T11:05:23+00:00","description":"KUNI:va\u017eiti se, pripadnost, posebne potrebe | KRALJEVSKI OREL: izbir\u010dnost pri hrani, razdra\u017eljivost, biti u\u017ealjen, opravi\u010dilo | SMREKULJA: opravljati, iskanje pozornosti, dolg\u010das, sram, raziskovati ...","breadcrumb":{"@id":"https:\/\/www.deni.si\/en\/trgovina\/terapevtske-pravljice-hribi\/#breadcrumb"},"inLanguage":"en-US","potentialAction":[{"@type":"ReadAction","target":["https:\/\/www.deni.si\/en\/trgovina\/terapevtske-pravljice-hribi\/"]}]},{"@type":"BreadcrumbList","@id":"https:\/\/www.deni.si\/en\/trgovina\/terapevtske-pravljice-hribi\/#breadcrumb","itemListElement":[{"@type":"ListItem","position":1,"name":"Shop","item":"https:\/\/www.deni.si\/en\/trgovina\/"},{"@type":"ListItem","position":2,"name":"Terapevtske pravljice &#8211; Hribi"}]},{"@type":"WebSite","@id":"https:\/\/www.deni.si\/#website","url":"https:\/\/www.deni.si\/","name":"Pedagogical stories","description":"","publisher":{"@id":"https:\/\/www.deni.si\/#organization"},"potentialAction":[{"@type":"SearchAction","target":{"@type":"EntryPoint","urlTemplate":"https:\/\/www.deni.si\/?s={search_term_string}"},"query-input":{"@type":"PropertyValueSpecification","valueRequired":true,"valueName":"search_term_string"}}],"inLanguage":"en-US"},{"@type":"Organization","@id":"https:\/\/www.deni.si\/#organization","name":"Terapevtske pravljice","url":"https:\/\/www.deni.si\/","logo":{"@type":"ImageObject","inLanguage":"en-US","@id":"https:\/\/www.deni.si\/#\/schema\/logo\/image\/","url":"https:\/\/www.deni.si\/wp-content\/uploads\/2020\/04\/cropped-terapevtske-pravljice-logo-512.jpg","contentUrl":"https:\/\/www.deni.si\/wp-content\/uploads\/2020\/04\/cropped-terapevtske-pravljice-logo-512.jpg","width":512,"height":512,"caption":"Terapevtske pravljice"},"image":{"@id":"https:\/\/www.deni.si\/#\/schema\/logo\/image\/"}}]}},"_links":{"self":[{"href":"https:\/\/www.deni.si\/en\/wp-json\/wp\/v2\/pages\/1854","targetHints":{"allow":["GET"]}}],"collection":[{"href":"https:\/\/www.deni.si\/en\/wp-json\/wp\/v2\/pages"}],"about":[{"href":"https:\/\/www.deni.si\/en\/wp-json\/wp\/v2\/types\/page"}],"author":[{"embeddable":true,"href":"https:\/\/www.deni.si\/en\/wp-json\/wp\/v2\/users\/1"}],"replies":[{"embeddable":true,"href":"https:\/\/www.deni.si\/en\/wp-json\/wp\/v2\/comments?post=1854"}],"version-history":[{"count":10,"href":"https:\/\/www.deni.si\/en\/wp-json\/wp\/v2\/pages\/1854\/revisions"}],"predecessor-version":[{"id":2166,"href":"https:\/\/www.deni.si\/en\/wp-json\/wp\/v2\/pages\/1854\/revisions\/2166"}],"up":[{"embeddable":true,"href":"https:\/\/www.deni.si\/en\/wp-json\/wp\/v2\/pages\/1370"}],"wp:attachment":[{"href":"https:\/\/www.deni.si\/en\/wp-json\/wp\/v2\/media?parent=1854"}],"curies":[{"name":"wp","href":"https:\/\/api.w.org\/{rel}","templated":true}]}}